{"id":788,"date":"2024-04-15T11:11:15","date_gmt":"2024-04-15T15:11:15","guid":{"rendered":"https:\/\/www.hyundaiantitheft.com\/?page_id=788"},"modified":"2024-04-15T11:16:38","modified_gmt":"2024-04-15T15:16:38","slug":"atlanta-antirrobo-copia-clinica-movil-3","status":"publish","type":"page","link":"https:\/\/www.hyundaiantitheft.com\/es\/atlanta-antirrobo-copia-clinica-movil-3\/","title":{"rendered":"Cl\u00ednica m\u00f3vil antirrobo de Houston"},"content":{"rendered":"<iframe src=\"https:\/\/www.google.com\/maps\/embed?pb=!1m14!1m8!1m3!1d13828.730096738436!2d-95.4116623!3d29.9454281!3m2!1i1024!2i768!4f13.1!3m3!1m2!1s0x8640c9f25d1815b5%3A0xe78d489595f10bca!2sGreenspoint%20Mall!5e0!3m2!1sen!2sus!4v1713193181860!5m2!1sen!2sus\" width=\"400\" height=\"300\" allowfullscreen=\"\" loading=\"lazy\" referrerpolicy=\"no-referrer-when-downgrade\"><\/iframe>\n\t<h2>\n\t\t\t\tGreenspoint Mall (Houston Norte) del 19 al 21 de abril (de 8 a 18 h el viernes y el s\u00e1bado, de 8 a 14 h el domingo)\n\t\t\t<\/h2>\n\t\t\t<p>En respuesta a la persistencia de los robos dirigidos a determinados veh\u00edculos Hyundai sin bot\u00f3n de encendido y dispositivos antirrobo de inmovilizaci\u00f3n, Hyundai Motor America ofrece una instalaci\u00f3n gratuita de software antirrobo en Greenspoint Mall. <em>(Houston Norte) <\/em>en 12300 North Fwy, Houston, TX 77060.\u00a0<strong>La cl\u00ednica se celebrar\u00e1 de 8.00 a 18.00 horas el viernes (19\/4) y el s\u00e1bado (20\/4) y de 8.00 a 14.00 horas el domingo (21\/4).<\/strong>\u00a0El objetivo de la cl\u00ednica m\u00f3vil es complementar la red nacional de concesionarios Hyundai e impulsar nuevas instalaciones de la actualizaci\u00f3n gratuita del software antirrobo de Hyundai para los clientes que siguen vi\u00e9ndose afectados por los robos. T\u00e9cnicos de servicio m\u00f3viles especialmente formados estar\u00e1n in situ para instalar y completar la actualizaci\u00f3n del software, que deber\u00eda llevar menos de 30 minutos.<\/p>\t\n\t<p><strong><em>D\u00d3NDE:<\/em><\/strong><em>\u00a0<\/em><\/p>\n<p>Centro comercial Greenspoint (Houston Norte)<\/p>\n<p>12300 North Fwy<\/p>\n<p>Houston, TX 77060<\/p>\n\n\t<p><strong><em>HORARIO:<\/em><\/strong><\/p>\n<p>De 8:00 a 18:00 (viernes y s\u00e1bado)<\/p>\n<p>De 8:00 a 14:00 (domingo)<\/p>\n\t<p><strong><em>FECHAS:<\/em><\/strong><\/p>\n<p>Del 19 al 21 de abril<\/p>\n\t\t\t\t<img decoding=\"async\" src=\"https:\/\/www.hyundaiantitheft.com\/wp-content\/plugins\/bb-plugin\/img\/pixel.png\" alt=\"\" itemprop=\"image\" onerror=\"this.style.display='none'\"  \/>\n\t\t\t\t<img decoding=\"async\" src=\"https:\/\/hyundaiantitheft.com\/wp-content\/uploads\/2023\/07\/hyundai-logo.png\" alt=\"hyundai-logo\" itemprop=\"image\" title=\"hyundai-logo\" onerror=\"this.style.display='none'\"  \/>","protected":false},"excerpt":{"rendered":"<p>Greenspoint Mall (Houston Norte) el 19 de abril - 21 (8am a 6pm el viernes y el s\u00e1bado, 8am - 2pm el domingo) En respuesta a los robos persistentes dirigidos a ciertos veh\u00edculos Hyundai sin bot\u00f3n de encendido y dispositivos antirrobo de inmovilizaci\u00f3n, Hyundai Motor America ofrece una instalaci\u00f3n gratuita de software antirrobo en Greenspoint Mall (Houston Norte) en 12300...<\/p>","protected":false},"author":2,"featured_media":0,"parent":0,"menu_order":0,"comment_status":"closed","ping_status":"closed","template":"","meta":{"_acf_changed":false,"inline_featured_image":false,"footnotes":""},"class_list":["post-788","page","type-page","status-publish","hentry"],"acf":[],"yoast_head":"<!-- This site is optimized with the Yoast SEO plugin v26.5 - https:\/\/yoast.com\/wordpress\/plugins\/seo\/ -->\n<title>Houston Anti-Theft Mobile Clinic - Hyundai<\/title>\n<meta name=\"robots\" content=\"index, follow, max-snippet:-1, max-image-preview:large, max-video-preview:-1\" \/>\n<link rel=\"canonical\" href=\"https:\/\/hyundaiantitheft.com\/es\/atlanta-antirrobo-copia-clinica-movil-3\/\" \/>\n<meta property=\"og:locale\" content=\"es_MX\" \/>\n<meta property=\"og:type\" content=\"article\" \/>\n<meta property=\"og:title\" content=\"Houston Anti-Theft Mobile Clinic - Hyundai\" \/>\n<meta property=\"og:description\" content=\"Greenspoint Mall (Houston North) on April 19 &#8211; 21 (8am to 6pm on Friday and Saturday, 8am &#8211; 2pm on Sunday) In response to persistent thefts targeting certain Hyundai vehicles without push-button ignitions and immobilizing anti-theft devices, Hyundai Motor America is providing a free installation of anti-theft software at Greenspoint Mall (Houston North) at 12300&hellip;\" \/>\n<meta property=\"og:url\" content=\"https:\/\/hyundaiantitheft.com\/es\/atlanta-antirrobo-copia-clinica-movil-3\/\" \/>\n<meta property=\"og:site_name\" content=\"Hyundai\" \/>\n<meta property=\"article:modified_time\" content=\"2024-04-15T15:16:38+00:00\" \/>\n<meta property=\"og:image\" content=\"https:\/\/www.hyundaiantitheft.com\/wp-content\/plugins\/bb-plugin\/img\/pixel.png\" \/>\n<meta name=\"twitter:card\" content=\"summary_large_image\" \/>\n<meta name=\"twitter:label1\" content=\"Est. reading time\" \/>\n\t<meta name=\"twitter:data1\" content=\"2 minutos\" \/>\n<script type=\"application\/ld+json\" class=\"yoast-schema-graph\">{\"@context\":\"https:\/\/schema.org\",\"@graph\":[{\"@type\":\"WebPage\",\"@id\":\"https:\/\/hyundaiantitheft.com\/es\/atlanta-antirrobo-copia-clinica-movil-3\/\",\"url\":\"https:\/\/hyundaiantitheft.com\/es\/atlanta-antirrobo-copia-clinica-movil-3\/\",\"name\":\"Houston Anti-Theft Mobile Clinic - Hyundai\",\"isPartOf\":{\"@id\":\"https:\/\/hyundaiantitheft.com\/#website\"},\"primaryImageOfPage\":{\"@id\":\"https:\/\/hyundaiantitheft.com\/es\/atlanta-antirrobo-copia-clinica-movil-3\/#primaryimage\"},\"image\":{\"@id\":\"https:\/\/hyundaiantitheft.com\/es\/atlanta-antirrobo-copia-clinica-movil-3\/#primaryimage\"},\"thumbnailUrl\":\"https:\/\/www.hyundaiantitheft.com\/wp-content\/plugins\/bb-plugin\/img\/pixel.png\",\"datePublished\":\"2024-04-15T15:11:15+00:00\",\"dateModified\":\"2024-04-15T15:16:38+00:00\",\"breadcrumb\":{\"@id\":\"https:\/\/hyundaiantitheft.com\/es\/atlanta-antirrobo-copia-clinica-movil-3\/#breadcrumb\"},\"inLanguage\":\"es-MX\",\"potentialAction\":[{\"@type\":\"ReadAction\",\"target\":[\"https:\/\/hyundaiantitheft.com\/es\/atlanta-antirrobo-copia-clinica-movil-3\/\"]}]},{\"@type\":\"ImageObject\",\"inLanguage\":\"es-MX\",\"@id\":\"https:\/\/hyundaiantitheft.com\/es\/atlanta-antirrobo-copia-clinica-movil-3\/#primaryimage\",\"url\":\"https:\/\/www.hyundaiantitheft.com\/wp-content\/plugins\/bb-plugin\/img\/pixel.png\",\"contentUrl\":\"https:\/\/www.hyundaiantitheft.com\/wp-content\/plugins\/bb-plugin\/img\/pixel.png\"},{\"@type\":\"BreadcrumbList\",\"@id\":\"https:\/\/hyundaiantitheft.com\/es\/atlanta-antirrobo-copia-clinica-movil-3\/#breadcrumb\",\"itemListElement\":[{\"@type\":\"ListItem\",\"position\":1,\"name\":\"Home\",\"item\":\"https:\/\/hyundaiantitheft.com\/\"},{\"@type\":\"ListItem\",\"position\":2,\"name\":\"Houston Anti-Theft Mobile Clinic\"}]},{\"@type\":\"WebSite\",\"@id\":\"https:\/\/hyundaiantitheft.com\/#website\",\"url\":\"https:\/\/hyundaiantitheft.com\/\",\"name\":\"Hyundai\",\"description\":\"Anti-Theft Software Upgrade\",\"potentialAction\":[{\"@type\":\"SearchAction\",\"target\":{\"@type\":\"EntryPoint\",\"urlTemplate\":\"https:\/\/hyundaiantitheft.com\/?s={search_term_string}\"},\"query-input\":{\"@type\":\"PropertyValueSpecification\",\"valueRequired\":true,\"valueName\":\"search_term_string\"}}],\"inLanguage\":\"es-MX\"}]}<\/script>\n<!-- \/ Yoast SEO plugin. -->","yoast_head_json":{"title":"Cl\u00ednica m\u00f3vil antirrobo de Houston - Hyundai","robots":{"index":"index","follow":"follow","max-snippet":"max-snippet:-1","max-image-preview":"max-image-preview:large","max-video-preview":"max-video-preview:-1"},"canonical":"https:\/\/hyundaiantitheft.com\/es\/atlanta-antirrobo-copia-clinica-movil-3\/","og_locale":"es_MX","og_type":"article","og_title":"Houston Anti-Theft Mobile Clinic - Hyundai","og_description":"Greenspoint Mall (Houston North) on April 19 &#8211; 21 (8am to 6pm on Friday and Saturday, 8am &#8211; 2pm on Sunday) In response to persistent thefts targeting certain Hyundai vehicles without push-button ignitions and immobilizing anti-theft devices, Hyundai Motor America is providing a free installation of anti-theft software at Greenspoint Mall (Houston North) at 12300&hellip;","og_url":"https:\/\/hyundaiantitheft.com\/es\/atlanta-antirrobo-copia-clinica-movil-3\/","og_site_name":"Hyundai","article_modified_time":"2024-04-15T15:16:38+00:00","og_image":[{"url":"https:\/\/www.hyundaiantitheft.com\/wp-content\/plugins\/bb-plugin\/img\/pixel.png","type":"","width":"","height":""}],"twitter_card":"summary_large_image","twitter_misc":{"Est. reading time":"2 minutos"},"schema":{"@context":"https:\/\/schema.org","@graph":[{"@type":"WebPage","@id":"https:\/\/hyundaiantitheft.com\/es\/atlanta-antirrobo-copia-clinica-movil-3\/","url":"https:\/\/hyundaiantitheft.com\/es\/atlanta-antirrobo-copia-clinica-movil-3\/","name":"Cl\u00ednica m\u00f3vil antirrobo de Houston - Hyundai","isPartOf":{"@id":"https:\/\/hyundaiantitheft.com\/#website"},"primaryImageOfPage":{"@id":"https:\/\/hyundaiantitheft.com\/es\/atlanta-antirrobo-copia-clinica-movil-3\/#primaryimage"},"image":{"@id":"https:\/\/hyundaiantitheft.com\/es\/atlanta-antirrobo-copia-clinica-movil-3\/#primaryimage"},"thumbnailUrl":"https:\/\/www.hyundaiantitheft.com\/wp-content\/plugins\/bb-plugin\/img\/pixel.png","datePublished":"2024-04-15T15:11:15+00:00","dateModified":"2024-04-15T15:16:38+00:00","breadcrumb":{"@id":"https:\/\/hyundaiantitheft.com\/es\/atlanta-antirrobo-copia-clinica-movil-3\/#breadcrumb"},"inLanguage":"es-MX","potentialAction":[{"@type":"ReadAction","target":["https:\/\/hyundaiantitheft.com\/es\/atlanta-antirrobo-copia-clinica-movil-3\/"]}]},{"@type":"ImageObject","inLanguage":"es-MX","@id":"https:\/\/hyundaiantitheft.com\/es\/atlanta-antirrobo-copia-clinica-movil-3\/#primaryimage","url":"https:\/\/www.hyundaiantitheft.com\/wp-content\/plugins\/bb-plugin\/img\/pixel.png","contentUrl":"https:\/\/www.hyundaiantitheft.com\/wp-content\/plugins\/bb-plugin\/img\/pixel.png"},{"@type":"BreadcrumbList","@id":"https:\/\/hyundaiantitheft.com\/es\/atlanta-antirrobo-copia-clinica-movil-3\/#breadcrumb","itemListElement":[{"@type":"ListItem","position":1,"name":"Home","item":"https:\/\/hyundaiantitheft.com\/"},{"@type":"ListItem","position":2,"name":"Houston Anti-Theft Mobile Clinic"}]},{"@type":"WebSite","@id":"https:\/\/hyundaiantitheft.com\/#website","url":"https:\/\/hyundaiantitheft.com\/","name":"Hyundai","description":"Actualizaci\u00f3n del software antirrobo","potentialAction":[{"@type":"SearchAction","target":{"@type":"EntryPoint","urlTemplate":"https:\/\/hyundaiantitheft.com\/?s={search_term_string}"},"query-input":{"@type":"PropertyValueSpecification","valueRequired":true,"valueName":"search_term_string"}}],"inLanguage":"es-MX"}]}},"_links":{"self":[{"href":"https:\/\/www.hyundaiantitheft.com\/es\/wp-json\/wp\/v2\/pages\/788","targetHints":{"allow":["GET"]}}],"collection":[{"href":"https:\/\/www.hyundaiantitheft.com\/es\/wp-json\/wp\/v2\/pages"}],"about":[{"href":"https:\/\/www.hyundaiantitheft.com\/es\/wp-json\/wp\/v2\/types\/page"}],"author":[{"embeddable":true,"href":"https:\/\/www.hyundaiantitheft.com\/es\/wp-json\/wp\/v2\/users\/2"}],"replies":[{"embeddable":true,"href":"https:\/\/www.hyundaiantitheft.com\/es\/wp-json\/wp\/v2\/comments?post=788"}],"version-history":[{"count":3,"href":"https:\/\/www.hyundaiantitheft.com\/es\/wp-json\/wp\/v2\/pages\/788\/revisions"}],"predecessor-version":[{"id":791,"href":"https:\/\/www.hyundaiantitheft.com\/es\/wp-json\/wp\/v2\/pages\/788\/revisions\/791"}],"wp:attachment":[{"href":"https:\/\/www.hyundaiantitheft.com\/es\/wp-json\/wp\/v2\/media?parent=788"}],"curies":[{"name":"wp","href":"https:\/\/api.w.org\/{rel}","templated":true}]}}