{"id":727,"date":"2024-03-11T21:31:44","date_gmt":"2024-03-12T01:31:44","guid":{"rendered":"https:\/\/hyundaiantitheft.com\/?page_id=727"},"modified":"2024-03-12T18:56:57","modified_gmt":"2024-03-12T22:56:57","slug":"clinica-movil-antirrobo-de-seattle","status":"publish","type":"page","link":"https:\/\/www.hyundaiantitheft.com\/es\/clinica-movil-antirrobo-de-seattle\/","title":{"rendered":"Cl\u00ednica m\u00f3vil antirrobo del \u00e1rea de Seattle"},"content":{"rendered":"<h2>\n\t\tCuatro sedes este fin de semana - 15-17 de marzo\n\t<\/h2>\n\t<p>De 8 a 18 h, viernes y s\u00e1bado* (15 y 16 de marzo)<\/p>\n<p><em>*C\u00fapula de Tacoma, de 8 a 17 h Vie<\/em><\/p>\n<p>De 8.00 a 14.00 h, domingo (17.3)<\/p>\n\t<h2>\n\t\t\t\t1. C\u00fapula de Tacoma\n\t\t\t<\/h2>\n\t\t\t<p>East D St. entre Tacoma Dome y Lemay America's Car Museum<\/p><ul><li><strong>De 8.00 a 17.00 horas el viernes (15.3)<\/strong><\/li><li><strong>De 8.00 a 18.00 horas el s\u00e1bado (16.3)<\/strong><\/li><li><strong>De 8.00 a 14.00 horas el domingo 17 de marzo<\/strong><\/li><\/ul>\t\n\t<iframe src=\"https:\/\/www.google.com\/maps\/embed?pb=!1m18!1m12!1m3!1d2708.979134853582!2d-122.42938382363172!3d47.23655401345777!2m3!1f0!2f0!3f0!3m2!1i1024!2i768!4f13.1!3m3!1m2!1s0x5490fff455555555%3A0xe0a5f8011a64972d!2sTacoma%20Dome!5e0!3m2!1sen!2sus!4v1710206168402!5m2!1sen!2sus\" width=\"600\" height=\"450\" allowfullscreen=\"\" loading=\"lazy\" referrerpolicy=\"no-referrer-when-downgrade\"><\/iframe>\n\t<h2>\n\t\t\t\t3. Doug's Hyundai\n\t\t\t<\/h2>\n\t\t\t<p>22130 Hwy 99, Edmonds WA 98026\u00a0<\/p><ul><li><strong>De 9.00 a 15.00 horas el s\u00e1bado (16.3)<\/strong><\/li><\/ul>\t\n\t<iframe src=\"https:\/\/www.google.com\/maps\/embed?pb=!1m17!1m11!1m3!1d3!2d-122.3331326398259!3d47.79756997341942!2m2!1f301.18484!2f90!3m2!1i1024!2i768!4f75!3m3!1m2!1s0x54901aa2f1c660fd%3A0x869c99df5cb93719!2s22130%20Hwy%2099%2C%20Edmonds%2C%20WA%2098026!5e0!3m2!1sen!2sus!4v1710206987321!5m2!1sen!2sus\" width=\"600\" height=\"450\" allowfullscreen=\"\" loading=\"lazy\" referrerpolicy=\"no-referrer-when-downgrade\"><\/iframe>\n\t<h2>\n\t\t\t\t2. Centro comercial Factoria\n\t\t\t<\/h2>\n\t\t\t<p>4055 Factoria Blvd. SE, Bellevue, WA 98006\u00a0<\/p><ul><li><strong>De 8.00 a 18.00 horas el viernes (15.3)<\/strong><\/li><li><strong>De 8.00 a 18.00 horas el s\u00e1bado (16.3)<\/strong><\/li><li><strong>De 8.00 a 14.00 horas el domingo 17 de marzo<\/strong><\/li><\/ul>\t\n\t<iframe src=\"https:\/\/www.google.com\/maps\/embed?pb=!1m18!1m12!1m3!1d2691.6165830774366!2d-122.17337562361476!3d47.575247990142024!2m3!1f0!2f0!3f0!3m2!1i1024!2i768!4f13.1!3m3!1m2!1s0x54906955a80c86d3%3A0x6f3e24127205e5db!2s4055%20Factoria%20Blvd%20SE%2C%20Bellevue%2C%20WA%2098006!5e0!3m2!1sen!2sus!4v1710206646022!5m2!1sen!2sus\" width=\"600\" height=\"450\" allowfullscreen=\"\" loading=\"lazy\" referrerpolicy=\"no-referrer-when-downgrade\"><\/iframe>\n\t<h2>\n\t\t\t\t4. Robert Larson Hyundai\n\t\t\t<\/h2>\n\t\t\t<p>7601 S. Tacoma Way Tacoma, WA 98409\u00a0<\/p><ul><li><strong>De 8.00 a 17.00 horas el s\u00e1bado (16.3)<\/strong><\/li><\/ul>\t\n\t<iframe src=\"https:\/\/www.google.com\/maps\/embed?pb=!1m18!1m12!1m3!1d2711.4559515413544!2d-122.48542602363409!3d47.18808761678408!2m3!1f0!2f0!3f0!3m2!1i1024!2i768!4f13.1!3m3!1m2!1s0x5491004467f8e2ab%3A0x30d709e9fe6a0270!2s7601%20S%20Tacoma%20Way%2C%20Tacoma%2C%20WA%2098409!5e0!3m2!1sen!2sus!4v1710207015035!5m2!1sen!2sus\" width=\"600\" height=\"450\" allowfullscreen=\"\" loading=\"lazy\" referrerpolicy=\"no-referrer-when-downgrade\"><\/iframe>\n\t<p>La cl\u00ednica m\u00f3vil pretende complementar la red nacional de concesionarios de Hyundai e impulsar nuevas instalaciones de la actualizaci\u00f3n gratuita del software antirrobo de Hyundai para los clientes que siguen vi\u00e9ndose afectados por los robos.<\/p>\n<p>T\u00e9cnicos de servicio m\u00f3viles especialmente formados estar\u00e1n in situ para instalar y completar la actualizaci\u00f3n del software, que deber\u00eda durar menos de 30 minutos.<\/p>\n\t\t\t\t<img loading=\"lazy\" decoding=\"async\" src=\"https:\/\/hyundaiantitheft.com\/wp-content\/uploads\/2023\/07\/hyundai-logo.png\" alt=\"hyundai-logo\" itemprop=\"image\" height=\"155\" width=\"223\" title=\"hyundai-logo\" onerror=\"this.style.display='none'\"  \/>","protected":false},"excerpt":{"rendered":"<p>Cuatro ubicaciones este fin de semana - 15-17 de marzo De 8.00 a 18.00 horas, viernes y s\u00e1bado* (15 y 16 de marzo) *C\u00fapula de Tacoma, de 8.00 a 17.00 horas Viernes De 8.00 a 14.00 horas, domingo (17 de marzo) 1. C\u00fapula de Tacoma East D St. entre Tacoma Dome y Lemay America's Car Museum De 8.00 a 17.00 horas el viernes (15 de...)<\/p>","protected":false},"author":2,"featured_media":0,"parent":0,"menu_order":0,"comment_status":"closed","ping_status":"closed","template":"","meta":{"_acf_changed":false,"inline_featured_image":false,"footnotes":""},"class_list":["post-727","page","type-page","status-publish","hentry"],"acf":[],"yoast_head":"<!-- This site is optimized with the Yoast SEO plugin v26.5 - https:\/\/yoast.com\/wordpress\/plugins\/seo\/ -->\n<title>Seattle Area Anti-Theft Mobile Clinic - Hyundai<\/title>\n<meta name=\"robots\" content=\"index, follow, max-snippet:-1, max-image-preview:large, max-video-preview:-1\" \/>\n<link rel=\"canonical\" href=\"https:\/\/www.hyundaiantitheft.com\/es\/clinica-movil-antirrobo-de-seattle\/\" \/>\n<meta property=\"og:locale\" content=\"es_MX\" \/>\n<meta property=\"og:type\" content=\"article\" \/>\n<meta property=\"og:title\" content=\"Seattle Area Anti-Theft Mobile Clinic - Hyundai\" \/>\n<meta property=\"og:description\" content=\"Four Locations This Weekend &#8211; March 15-17 8 am to 6 pm, Friday and Saturday* (3\/15 &#8211; 3\/16) *Tacoma Dome, 8 am to 5 pm Fri 8 am to 2 pm, Sunday (3\/17) 1. Tacoma Dome East D St. between Tacoma Dome and Lemay America&#8217;s Car Museum 8 am to 5 pm on Friday (3\/15)&hellip;\" \/>\n<meta property=\"og:url\" content=\"https:\/\/www.hyundaiantitheft.com\/es\/clinica-movil-antirrobo-de-seattle\/\" \/>\n<meta property=\"og:site_name\" content=\"Hyundai\" \/>\n<meta property=\"article:modified_time\" content=\"2024-03-12T22:56:57+00:00\" \/>\n<meta property=\"og:image\" content=\"https:\/\/hyundaiantitheft.com\/wp-content\/uploads\/2023\/07\/hyundai-logo.png\" \/>\n<meta name=\"twitter:card\" content=\"summary_large_image\" \/>\n<meta name=\"twitter:label1\" content=\"Est. reading time\" \/>\n\t<meta name=\"twitter:data1\" content=\"2 minutos\" \/>\n<script type=\"application\/ld+json\" class=\"yoast-schema-graph\">{\"@context\":\"https:\/\/schema.org\",\"@graph\":[{\"@type\":\"WebPage\",\"@id\":\"https:\/\/www.hyundaiantitheft.com\/es\/clinica-movil-antirrobo-de-seattle\/\",\"url\":\"https:\/\/www.hyundaiantitheft.com\/es\/clinica-movil-antirrobo-de-seattle\/\",\"name\":\"Seattle Area Anti-Theft Mobile Clinic - Hyundai\",\"isPartOf\":{\"@id\":\"https:\/\/hyundaiantitheft.com\/#website\"},\"primaryImageOfPage\":{\"@id\":\"https:\/\/www.hyundaiantitheft.com\/es\/clinica-movil-antirrobo-de-seattle\/#primaryimage\"},\"image\":{\"@id\":\"https:\/\/www.hyundaiantitheft.com\/es\/clinica-movil-antirrobo-de-seattle\/#primaryimage\"},\"thumbnailUrl\":\"https:\/\/hyundaiantitheft.com\/wp-content\/uploads\/2023\/07\/hyundai-logo.png\",\"datePublished\":\"2024-03-12T01:31:44+00:00\",\"dateModified\":\"2024-03-12T22:56:57+00:00\",\"breadcrumb\":{\"@id\":\"https:\/\/www.hyundaiantitheft.com\/es\/clinica-movil-antirrobo-de-seattle\/#breadcrumb\"},\"inLanguage\":\"es-MX\",\"potentialAction\":[{\"@type\":\"ReadAction\",\"target\":[\"https:\/\/www.hyundaiantitheft.com\/es\/clinica-movil-antirrobo-de-seattle\/\"]}]},{\"@type\":\"ImageObject\",\"inLanguage\":\"es-MX\",\"@id\":\"https:\/\/www.hyundaiantitheft.com\/es\/clinica-movil-antirrobo-de-seattle\/#primaryimage\",\"url\":\"https:\/\/hyundaiantitheft.com\/wp-content\/uploads\/2023\/07\/hyundai-logo.png\",\"contentUrl\":\"https:\/\/hyundaiantitheft.com\/wp-content\/uploads\/2023\/07\/hyundai-logo.png\"},{\"@type\":\"BreadcrumbList\",\"@id\":\"https:\/\/www.hyundaiantitheft.com\/es\/clinica-movil-antirrobo-de-seattle\/#breadcrumb\",\"itemListElement\":[{\"@type\":\"ListItem\",\"position\":1,\"name\":\"Home\",\"item\":\"https:\/\/hyundaiantitheft.com\/\"},{\"@type\":\"ListItem\",\"position\":2,\"name\":\"Seattle Area Anti-Theft Mobile Clinic\"}]},{\"@type\":\"WebSite\",\"@id\":\"https:\/\/hyundaiantitheft.com\/#website\",\"url\":\"https:\/\/hyundaiantitheft.com\/\",\"name\":\"Hyundai\",\"description\":\"Anti-Theft Software Upgrade\",\"potentialAction\":[{\"@type\":\"SearchAction\",\"target\":{\"@type\":\"EntryPoint\",\"urlTemplate\":\"https:\/\/hyundaiantitheft.com\/?s={search_term_string}\"},\"query-input\":{\"@type\":\"PropertyValueSpecification\",\"valueRequired\":true,\"valueName\":\"search_term_string\"}}],\"inLanguage\":\"es-MX\"}]}<\/script>\n<!-- \/ Yoast SEO plugin. -->","yoast_head_json":{"title":"Cl\u00ednica m\u00f3vil antirrobo del \u00e1rea de Seattle - Hyundai","robots":{"index":"index","follow":"follow","max-snippet":"max-snippet:-1","max-image-preview":"max-image-preview:large","max-video-preview":"max-video-preview:-1"},"canonical":"https:\/\/www.hyundaiantitheft.com\/es\/clinica-movil-antirrobo-de-seattle\/","og_locale":"es_MX","og_type":"article","og_title":"Seattle Area Anti-Theft Mobile Clinic - Hyundai","og_description":"Four Locations This Weekend &#8211; March 15-17 8 am to 6 pm, Friday and Saturday* (3\/15 &#8211; 3\/16) *Tacoma Dome, 8 am to 5 pm Fri 8 am to 2 pm, Sunday (3\/17) 1. Tacoma Dome East D St. between Tacoma Dome and Lemay America&#8217;s Car Museum 8 am to 5 pm on Friday (3\/15)&hellip;","og_url":"https:\/\/www.hyundaiantitheft.com\/es\/clinica-movil-antirrobo-de-seattle\/","og_site_name":"Hyundai","article_modified_time":"2024-03-12T22:56:57+00:00","og_image":[{"url":"https:\/\/hyundaiantitheft.com\/wp-content\/uploads\/2023\/07\/hyundai-logo.png","type":"","width":"","height":""}],"twitter_card":"summary_large_image","twitter_misc":{"Est. reading time":"2 minutos"},"schema":{"@context":"https:\/\/schema.org","@graph":[{"@type":"WebPage","@id":"https:\/\/www.hyundaiantitheft.com\/es\/clinica-movil-antirrobo-de-seattle\/","url":"https:\/\/www.hyundaiantitheft.com\/es\/clinica-movil-antirrobo-de-seattle\/","name":"Cl\u00ednica m\u00f3vil antirrobo del \u00e1rea de Seattle - Hyundai","isPartOf":{"@id":"https:\/\/hyundaiantitheft.com\/#website"},"primaryImageOfPage":{"@id":"https:\/\/www.hyundaiantitheft.com\/es\/clinica-movil-antirrobo-de-seattle\/#primaryimage"},"image":{"@id":"https:\/\/www.hyundaiantitheft.com\/es\/clinica-movil-antirrobo-de-seattle\/#primaryimage"},"thumbnailUrl":"https:\/\/hyundaiantitheft.com\/wp-content\/uploads\/2023\/07\/hyundai-logo.png","datePublished":"2024-03-12T01:31:44+00:00","dateModified":"2024-03-12T22:56:57+00:00","breadcrumb":{"@id":"https:\/\/www.hyundaiantitheft.com\/es\/clinica-movil-antirrobo-de-seattle\/#breadcrumb"},"inLanguage":"es-MX","potentialAction":[{"@type":"ReadAction","target":["https:\/\/www.hyundaiantitheft.com\/es\/clinica-movil-antirrobo-de-seattle\/"]}]},{"@type":"ImageObject","inLanguage":"es-MX","@id":"https:\/\/www.hyundaiantitheft.com\/es\/clinica-movil-antirrobo-de-seattle\/#primaryimage","url":"https:\/\/hyundaiantitheft.com\/wp-content\/uploads\/2023\/07\/hyundai-logo.png","contentUrl":"https:\/\/hyundaiantitheft.com\/wp-content\/uploads\/2023\/07\/hyundai-logo.png"},{"@type":"BreadcrumbList","@id":"https:\/\/www.hyundaiantitheft.com\/es\/clinica-movil-antirrobo-de-seattle\/#breadcrumb","itemListElement":[{"@type":"ListItem","position":1,"name":"Home","item":"https:\/\/hyundaiantitheft.com\/"},{"@type":"ListItem","position":2,"name":"Seattle Area Anti-Theft Mobile Clinic"}]},{"@type":"WebSite","@id":"https:\/\/hyundaiantitheft.com\/#website","url":"https:\/\/hyundaiantitheft.com\/","name":"Hyundai","description":"Actualizaci\u00f3n del software antirrobo","potentialAction":[{"@type":"SearchAction","target":{"@type":"EntryPoint","urlTemplate":"https:\/\/hyundaiantitheft.com\/?s={search_term_string}"},"query-input":{"@type":"PropertyValueSpecification","valueRequired":true,"valueName":"search_term_string"}}],"inLanguage":"es-MX"}]}},"_links":{"self":[{"href":"https:\/\/www.hyundaiantitheft.com\/es\/wp-json\/wp\/v2\/pages\/727","targetHints":{"allow":["GET"]}}],"collection":[{"href":"https:\/\/www.hyundaiantitheft.com\/es\/wp-json\/wp\/v2\/pages"}],"about":[{"href":"https:\/\/www.hyundaiantitheft.com\/es\/wp-json\/wp\/v2\/types\/page"}],"author":[{"embeddable":true,"href":"https:\/\/www.hyundaiantitheft.com\/es\/wp-json\/wp\/v2\/users\/2"}],"replies":[{"embeddable":true,"href":"https:\/\/www.hyundaiantitheft.com\/es\/wp-json\/wp\/v2\/comments?post=727"}],"version-history":[{"count":6,"href":"https:\/\/www.hyundaiantitheft.com\/es\/wp-json\/wp\/v2\/pages\/727\/revisions"}],"predecessor-version":[{"id":736,"href":"https:\/\/www.hyundaiantitheft.com\/es\/wp-json\/wp\/v2\/pages\/727\/revisions\/736"}],"wp:attachment":[{"href":"https:\/\/www.hyundaiantitheft.com\/es\/wp-json\/wp\/v2\/media?parent=727"}],"curies":[{"name":"wp","href":"https:\/\/api.w.org\/{rel}","templated":true}]}}