{"id":551,"date":"2023-10-31T13:27:15","date_gmt":"2023-10-31T17:27:15","guid":{"rendered":"https:\/\/hyundaiantitheft.com\/?page_id=551"},"modified":"2024-04-29T11:00:52","modified_gmt":"2024-04-29T15:00:52","slug":"clinica-movil-antirrobo-de-chicago","status":"publish","type":"page","link":"https:\/\/www.hyundaiantitheft.com\/es\/clinica-movil-antirrobo-de-chicago\/","title":{"rendered":"Cl\u00ednica m\u00f3vil antirrobo de Chicago"},"content":{"rendered":"<iframe src=\"https:\/\/www.google.com\/maps\/embed?pb=!1m18!1m12!1m3!1d2972.8254105052256!2d-87.64139822338905!3d41.832057468294714!2m3!1f0!2f0!3f0!3m2!1i1024!2i768!4f13.1!3m3!1m2!1s0x880e2c3e04dcc21f%3A0x62b6e85b0a24dd5d!2s3423%20S%20Normal%20Ave%2C%20Chicago%2C%20IL%2060609!5e0!3m2!1sen!2sus!4v1698772866163!5m2!1sen!2sus\" width=\"600\" height=\"450\" allowfullscreen=\"\" loading=\"lazy\" referrerpolicy=\"no-referrer-when-downgrade\"><\/iframe>\n\t<h2>\n\t\t\t\tGuaranteed Rate Field antes Comiskey Park (lote G del parque de los Chicago White Sox) del 3 al 5 de mayo de 8:00 a 18:00 el viernes y el s\u00e1bado, y de 8:00 a 14:00 el domingo.\n\t\t\t<\/h2>\n\t\t\t<p>En respuesta a los robos persistentes que tienen como objetivo ciertos veh\u00edculos Hyundai sin bot\u00f3n de encendido y dispositivos antirrobo de inmovilizaci\u00f3n, Hyundai Motor America est\u00e1 colaborando con el Departamento de Polic\u00eda de Chicago y la Oficina del Sheriff del Condado de Cook para proporcionar una instalaci\u00f3n gratuita de software antirrobo de Hyundai en Guaranteed Rate Field, formalmente conocido como Comiskey Park, (Chicago White Sox Park lote G) en 3423 S. Normal Ave. Chicago, IL 60616.\u00a0\u00a0<strong>La cl\u00ednica se celebrar\u00e1 de 8.00 a 18.00 horas el viernes (5\/3) y el s\u00e1bado (5\/4), y de 8.00 a 14.00 horas el domingo (5\/5).<\/strong>\u00a0El objetivo de la cl\u00ednica m\u00f3vil es complementar la red nacional de concesionarios Hyundai e impulsar nuevas instalaciones de la actualizaci\u00f3n gratuita del software antirrobo de Hyundai para los clientes que siguen vi\u00e9ndose afectados por los robos. T\u00e9cnicos de servicio m\u00f3viles especialmente formados estar\u00e1n in situ para instalar y completar la actualizaci\u00f3n del software, que deber\u00eda llevar menos de 30 minutos.<\/p>\t\n\t<p><strong><em>D\u00d3NDE:<\/em><\/strong><em>\u00a0<\/em><\/p>\n<p>Guaranteed Rate Field antes Comisky Park (lote G del parque de los Chicago White Sox)<\/p>\n3423 S. Normal Ave.<br \/>\nChicago, IL 60616\n\n\t<p><strong><em>HORARIO:<\/em><\/strong><\/p>\n<p>Viernes y s\u00e1bado - de 8:00 a 18:00<\/p>\n<p>Domingo - de 8:00 a 14:00<\/p>\n\t<p><strong><em>FECHAS:<\/em><\/strong><\/p>\n<p>Del 3 al 5 de mayo<\/p>\n\t\t\t\t<img loading=\"lazy\" decoding=\"async\" src=\"https:\/\/hyundaiantitheft.com\/wp-content\/uploads\/2023\/10\/CookCountySheriffPatchBlue.jpg\" alt=\"CookCountySheriffPatchAzul\" itemprop=\"image\" height=\"660\" width=\"600\" title=\"CookCountySheriffPatchAzul\" onerror=\"this.style.display='none'\"  \/>\n\t\t\t\t<img loading=\"lazy\" decoding=\"async\" src=\"https:\/\/hyundaiantitheft.com\/wp-content\/uploads\/2023\/07\/hyundai-logo.png\" alt=\"hyundai-logo\" itemprop=\"image\" height=\"155\" width=\"223\" title=\"hyundai-logo\" onerror=\"this.style.display='none'\"  \/>\n\t\t\t\t<img loading=\"lazy\" decoding=\"async\" src=\"https:\/\/hyundaiantitheft.com\/wp-content\/uploads\/2023\/10\/Chicago-Community-Policing-Logo.jpeg\" alt=\"Polic\u00eda de proximidad 2020 - Esquema (7)\" itemprop=\"image\" height=\"600\" width=\"600\" title=\"Polic\u00eda de proximidad 2020 - Esquema (7)\" onerror=\"this.style.display='none'\"  \/>","protected":false},"excerpt":{"rendered":"<p>Guaranteed Rate Field antes Comiskey Park (Chicago White Sox Park lot G) del 3 al 5 de mayo de 8:00 AM a 6:00 PM el viernes y el s\u00e1bado, y de 8:00 AM a 2:00 PM el domingo En respuesta a los robos persistentes dirigidos a ciertos veh\u00edculos Hyundai sin bot\u00f3n de encendido y dispositivos antirrobo de inmovilizaci\u00f3n, Hyundai Motor America est\u00e1...<\/p>","protected":false},"author":2,"featured_media":0,"parent":0,"menu_order":0,"comment_status":"closed","ping_status":"closed","template":"","meta":{"_acf_changed":false,"inline_featured_image":false,"footnotes":""},"class_list":["post-551","page","type-page","status-publish","hentry"],"acf":[],"yoast_head":"<!-- This site is optimized with the Yoast SEO plugin v26.5 - https:\/\/yoast.com\/wordpress\/plugins\/seo\/ -->\n<title>Chicago Anti-Theft Mobile Clinic - Hyundai<\/title>\n<meta name=\"robots\" content=\"index, follow, max-snippet:-1, max-image-preview:large, max-video-preview:-1\" \/>\n<link rel=\"canonical\" href=\"https:\/\/hyundaiantitheft.com\/chicago-anti-theft-mobile-clinic\/\" \/>\n<meta property=\"og:locale\" content=\"es_MX\" \/>\n<meta property=\"og:type\" content=\"article\" \/>\n<meta property=\"og:title\" content=\"Chicago Anti-Theft Mobile Clinic - Hyundai\" \/>\n<meta property=\"og:description\" content=\"Guaranteed Rate Field formerly Comiskey Park (Chicago White Sox Park lot G) on May 3 &#8211; 5 from 8:00 AM to 6:00 PM on Friday and Saturday, and 8:00 AM to 2:00 PM on Sunday In response to persistent thefts targeting certain Hyundai vehicles without push-button ignitions and immobilizing anti-theft devices, Hyundai Motor America is&hellip;\" \/>\n<meta property=\"og:url\" content=\"https:\/\/hyundaiantitheft.com\/chicago-anti-theft-mobile-clinic\/\" \/>\n<meta property=\"og:site_name\" content=\"Hyundai\" \/>\n<meta property=\"article:modified_time\" content=\"2024-04-29T15:00:52+00:00\" \/>\n<meta property=\"og:image\" content=\"https:\/\/hyundaiantitheft.com\/wp-content\/uploads\/2023\/10\/CookCountySheriffPatchBlue.jpg\" \/>\n<meta name=\"twitter:card\" content=\"summary_large_image\" \/>\n<meta name=\"twitter:label1\" content=\"Est. reading time\" \/>\n\t<meta name=\"twitter:data1\" content=\"2 minutos\" \/>\n<script type=\"application\/ld+json\" class=\"yoast-schema-graph\">{\"@context\":\"https:\/\/schema.org\",\"@graph\":[{\"@type\":\"WebPage\",\"@id\":\"https:\/\/hyundaiantitheft.com\/chicago-anti-theft-mobile-clinic\/\",\"url\":\"https:\/\/hyundaiantitheft.com\/chicago-anti-theft-mobile-clinic\/\",\"name\":\"Chicago Anti-Theft Mobile Clinic - Hyundai\",\"isPartOf\":{\"@id\":\"https:\/\/hyundaiantitheft.com\/#website\"},\"primaryImageOfPage\":{\"@id\":\"https:\/\/hyundaiantitheft.com\/chicago-anti-theft-mobile-clinic\/#primaryimage\"},\"image\":{\"@id\":\"https:\/\/hyundaiantitheft.com\/chicago-anti-theft-mobile-clinic\/#primaryimage\"},\"thumbnailUrl\":\"https:\/\/hyundaiantitheft.com\/wp-content\/uploads\/2023\/10\/CookCountySheriffPatchBlue.jpg\",\"datePublished\":\"2023-10-31T17:27:15+00:00\",\"dateModified\":\"2024-04-29T15:00:52+00:00\",\"breadcrumb\":{\"@id\":\"https:\/\/hyundaiantitheft.com\/chicago-anti-theft-mobile-clinic\/#breadcrumb\"},\"inLanguage\":\"es-MX\",\"potentialAction\":[{\"@type\":\"ReadAction\",\"target\":[\"https:\/\/hyundaiantitheft.com\/chicago-anti-theft-mobile-clinic\/\"]}]},{\"@type\":\"ImageObject\",\"inLanguage\":\"es-MX\",\"@id\":\"https:\/\/hyundaiantitheft.com\/chicago-anti-theft-mobile-clinic\/#primaryimage\",\"url\":\"https:\/\/hyundaiantitheft.com\/wp-content\/uploads\/2023\/10\/CookCountySheriffPatchBlue.jpg\",\"contentUrl\":\"https:\/\/hyundaiantitheft.com\/wp-content\/uploads\/2023\/10\/CookCountySheriffPatchBlue.jpg\"},{\"@type\":\"BreadcrumbList\",\"@id\":\"https:\/\/hyundaiantitheft.com\/chicago-anti-theft-mobile-clinic\/#breadcrumb\",\"itemListElement\":[{\"@type\":\"ListItem\",\"position\":1,\"name\":\"Home\",\"item\":\"https:\/\/hyundaiantitheft.com\/\"},{\"@type\":\"ListItem\",\"position\":2,\"name\":\"Chicago Anti-Theft Mobile Clinic\"}]},{\"@type\":\"WebSite\",\"@id\":\"https:\/\/hyundaiantitheft.com\/#website\",\"url\":\"https:\/\/hyundaiantitheft.com\/\",\"name\":\"Hyundai\",\"description\":\"Anti-Theft Software Upgrade\",\"potentialAction\":[{\"@type\":\"SearchAction\",\"target\":{\"@type\":\"EntryPoint\",\"urlTemplate\":\"https:\/\/hyundaiantitheft.com\/?s={search_term_string}\"},\"query-input\":{\"@type\":\"PropertyValueSpecification\",\"valueRequired\":true,\"valueName\":\"search_term_string\"}}],\"inLanguage\":\"es-MX\"}]}<\/script>\n<!-- \/ Yoast SEO plugin. -->","yoast_head_json":{"title":"Cl\u00ednica m\u00f3vil antirrobo de Chicago - Hyundai","robots":{"index":"index","follow":"follow","max-snippet":"max-snippet:-1","max-image-preview":"max-image-preview:large","max-video-preview":"max-video-preview:-1"},"canonical":"https:\/\/hyundaiantitheft.com\/chicago-anti-theft-mobile-clinic\/","og_locale":"es_MX","og_type":"article","og_title":"Chicago Anti-Theft Mobile Clinic - Hyundai","og_description":"Guaranteed Rate Field formerly Comiskey Park (Chicago White Sox Park lot G) on May 3 &#8211; 5 from 8:00 AM to 6:00 PM on Friday and Saturday, and 8:00 AM to 2:00 PM on Sunday In response to persistent thefts targeting certain Hyundai vehicles without push-button ignitions and immobilizing anti-theft devices, Hyundai Motor America is&hellip;","og_url":"https:\/\/hyundaiantitheft.com\/chicago-anti-theft-mobile-clinic\/","og_site_name":"Hyundai","article_modified_time":"2024-04-29T15:00:52+00:00","og_image":[{"url":"https:\/\/hyundaiantitheft.com\/wp-content\/uploads\/2023\/10\/CookCountySheriffPatchBlue.jpg","type":"","width":"","height":""}],"twitter_card":"summary_large_image","twitter_misc":{"Est. reading time":"2 minutos"},"schema":{"@context":"https:\/\/schema.org","@graph":[{"@type":"WebPage","@id":"https:\/\/hyundaiantitheft.com\/chicago-anti-theft-mobile-clinic\/","url":"https:\/\/hyundaiantitheft.com\/chicago-anti-theft-mobile-clinic\/","name":"Cl\u00ednica m\u00f3vil antirrobo de Chicago - Hyundai","isPartOf":{"@id":"https:\/\/hyundaiantitheft.com\/#website"},"primaryImageOfPage":{"@id":"https:\/\/hyundaiantitheft.com\/chicago-anti-theft-mobile-clinic\/#primaryimage"},"image":{"@id":"https:\/\/hyundaiantitheft.com\/chicago-anti-theft-mobile-clinic\/#primaryimage"},"thumbnailUrl":"https:\/\/hyundaiantitheft.com\/wp-content\/uploads\/2023\/10\/CookCountySheriffPatchBlue.jpg","datePublished":"2023-10-31T17:27:15+00:00","dateModified":"2024-04-29T15:00:52+00:00","breadcrumb":{"@id":"https:\/\/hyundaiantitheft.com\/chicago-anti-theft-mobile-clinic\/#breadcrumb"},"inLanguage":"es-MX","potentialAction":[{"@type":"ReadAction","target":["https:\/\/hyundaiantitheft.com\/chicago-anti-theft-mobile-clinic\/"]}]},{"@type":"ImageObject","inLanguage":"es-MX","@id":"https:\/\/hyundaiantitheft.com\/chicago-anti-theft-mobile-clinic\/#primaryimage","url":"https:\/\/hyundaiantitheft.com\/wp-content\/uploads\/2023\/10\/CookCountySheriffPatchBlue.jpg","contentUrl":"https:\/\/hyundaiantitheft.com\/wp-content\/uploads\/2023\/10\/CookCountySheriffPatchBlue.jpg"},{"@type":"BreadcrumbList","@id":"https:\/\/hyundaiantitheft.com\/chicago-anti-theft-mobile-clinic\/#breadcrumb","itemListElement":[{"@type":"ListItem","position":1,"name":"Home","item":"https:\/\/hyundaiantitheft.com\/"},{"@type":"ListItem","position":2,"name":"Chicago Anti-Theft Mobile Clinic"}]},{"@type":"WebSite","@id":"https:\/\/hyundaiantitheft.com\/#website","url":"https:\/\/hyundaiantitheft.com\/","name":"Hyundai","description":"Actualizaci\u00f3n del software antirrobo","potentialAction":[{"@type":"SearchAction","target":{"@type":"EntryPoint","urlTemplate":"https:\/\/hyundaiantitheft.com\/?s={search_term_string}"},"query-input":{"@type":"PropertyValueSpecification","valueRequired":true,"valueName":"search_term_string"}}],"inLanguage":"es-MX"}]}},"_links":{"self":[{"href":"https:\/\/www.hyundaiantitheft.com\/es\/wp-json\/wp\/v2\/pages\/551","targetHints":{"allow":["GET"]}}],"collection":[{"href":"https:\/\/www.hyundaiantitheft.com\/es\/wp-json\/wp\/v2\/pages"}],"about":[{"href":"https:\/\/www.hyundaiantitheft.com\/es\/wp-json\/wp\/v2\/types\/page"}],"author":[{"embeddable":true,"href":"https:\/\/www.hyundaiantitheft.com\/es\/wp-json\/wp\/v2\/users\/2"}],"replies":[{"embeddable":true,"href":"https:\/\/www.hyundaiantitheft.com\/es\/wp-json\/wp\/v2\/comments?post=551"}],"version-history":[{"count":7,"href":"https:\/\/www.hyundaiantitheft.com\/es\/wp-json\/wp\/v2\/pages\/551\/revisions"}],"predecessor-version":[{"id":814,"href":"https:\/\/www.hyundaiantitheft.com\/es\/wp-json\/wp\/v2\/pages\/551\/revisions\/814"}],"wp:attachment":[{"href":"https:\/\/www.hyundaiantitheft.com\/es\/wp-json\/wp\/v2\/media?parent=551"}],"curies":[{"name":"wp","href":"https:\/\/api.w.org\/{rel}","templated":true}]}}